{"id":2269,"date":"2024-02-26T07:16:59","date_gmt":"2024-02-26T07:16:59","guid":{"rendered":"https:\/\/demoapus1.com\/justhome\/?page_id=2269"},"modified":"2024-08-06T10:07:06","modified_gmt":"2024-08-06T08:07:06","slug":"projet-livre","status":"publish","type":"page","link":"https:\/\/diaimmo.com\/en\/projet-livre\/","title":{"rendered":"Project delivered"},"content":{"rendered":"<div data-elementor-type=\"wp-page\" data-elementor-id=\"2269\" class=\"elementor elementor-2269\">\n\t\t\t\t<div class=\"elementor-element elementor-element-c584818 e-con-full e-flex e-con e-parent\" data-id=\"c584818\" data-element_type=\"container\">\n\t\t\t\t<div class=\"elementor-element elementor-element-979b6f6 elementor-widget__width-inherit elementor-widget elementor-widget-apus_element_elementor_template\" data-id=\"979b6f6\" data-element_type=\"widget\" data-widget_type=\"apus_element_elementor_template.default\">\n\t\t\t\t<div class=\"elementor-widget-container\">\n\t\t\t\t\t<div data-elementor-type=\"section\" data-elementor-id=\"2266\" class=\"elementor elementor-2266\">\n\t\t\t\t<div class=\"elementor-element elementor-element-3af72eb e-flex e-con-boxed e-con e-parent\" data-id=\"3af72eb\" data-element_type=\"container\">\n\t\t\t\t\t<div class=\"e-con-inner\">\n\t\t<div class=\"elementor-element elementor-element-031ed71 e-con-full e-flex elementor-invisible e-con e-child\" data-id=\"031ed71\" data-element_type=\"container\" data-settings=\"{&quot;animation&quot;:&quot;slide-up&quot;}\">\n\t\t<div class=\"elementor-element elementor-element-138d5ea e-flex e-con-boxed e-con e-child\" data-id=\"138d5ea\" data-element_type=\"container\">\n\t\t\t\t\t<div class=\"e-con-inner\">\n\t\t<div class=\"elementor-element elementor-element-fba3c04 e-con-full e-flex elementor-invisible e-con e-child\" data-id=\"fba3c04\" data-element_type=\"container\" data-settings=\"{&quot;animation&quot;:&quot;slide-up&quot;}\">\n\t\t\t\t<div class=\"elementor-element elementor-element-3f122a0 elementor-widget elementor-widget-apus_element_realestate_properties\" data-id=\"3f122a0\" data-element_type=\"widget\" data-settings=\"{&quot;columns&quot;:&quot;2&quot;}\" data-widget_type=\"apus_element_realestate_properties.default\">\n\t\t\t\t<div class=\"elementor-widget-container\">\n\t\t\t\t\t            <div class=\"widget-properties\">\n                <div class=\"widget-content\">\n                                                                    <div class=\"row\">\n                                                            <div class=\"col-lg-6 col-sm-6 col-12 list-item\">\n                                    \n\n<article class=\"map-item property-grid property-item post-6034 property type-property status-publish has-post-thumbnail hentry property_type-appartements-dubai property_status-acheter property_label-deja-disponible property_amenity-air-conditioning property_amenity-basketball-court property_amenity-dryer property_amenity-elevator property_amenity-garage-attached property_amenity-gym property_amenity-heating property_amenity-hot-bath property_amenity-media-room property_amenity-microwave property_amenity-outdoor-shower property_amenity-refrigerator property_amenity-swimming-pool property_amenity-tv-cable property_amenity-washer property_amenity-wifi property_material-block property_material-brick property_material-rock property_material-wood\" data-latitude=\"25.191834\" data-longitude=\"55.26334000000001\" data-img=\"https:\/\/diaimmo.com\/wp-content\/uploads\/2024\/03\/bayz-101-danube-residence-1-150x150.webp\" data-images=\"[&quot;https:\\\/\\\/diaimmo.com\\\/wp-content\\\/uploads\\\/2024\\\/03\\\/bayz-101-danube-residence-1-516x360.webp&quot;,&quot;https:\\\/\\\/diaimmo.com\\\/wp-content\\\/uploads\\\/2024\\\/03\\\/bayz-101-danube-chambre-516x360.webp&quot;,&quot;https:\\\/\\\/diaimmo.com\\\/wp-content\\\/uploads\\\/2024\\\/03\\\/bayz-101-danube-tennis-516x360.webp&quot;,&quot;https:\\\/\\\/diaimmo.com\\\/wp-content\\\/uploads\\\/2024\\\/03\\\/bayz-101-danube-salon-516x360.webp&quot;,&quot;https:\\\/\\\/diaimmo.com\\\/wp-content\\\/uploads\\\/2024\\\/03\\\/bayz-101-danube-piscine-516x360.webp&quot;,&quot;https:\\\/\\\/diaimmo.com\\\/wp-content\\\/uploads\\\/2024\\\/03\\\/bayz-101-danube-lounge-516x360.webp&quot;,&quot;https:\\\/\\\/diaimmo.com\\\/wp-content\\\/uploads\\\/2024\\\/03\\\/bayz-101-danube-lobby-516x360.webp&quot;,&quot;https:\\\/\\\/diaimmo.com\\\/wp-content\\\/uploads\\\/2024\\\/03\\\/bayz-101-danube-living-area-516x360.webp&quot;,&quot;https:\\\/\\\/diaimmo.com\\\/wp-content\\\/uploads\\\/2024\\\/03\\\/bayz-101-danube-golf-516x360.webp&quot;,&quot;https:\\\/\\\/diaimmo.com\\\/wp-content\\\/uploads\\\/2024\\\/03\\\/bayz-101-danube-cuisine-516x360.webp&quot;,&quot;https:\\\/\\\/diaimmo.com\\\/wp-content\\\/uploads\\\/2024\\\/03\\\/bayz-101-danube-chambre-a-coucher-516x360.webp&quot;,&quot;https:\\\/\\\/diaimmo.com\\\/wp-content\\\/uploads\\\/2024\\\/03\\\/bayz-101-danube-ascenseur-516x360.webp&quot;,&quot;https:\\\/\\\/diaimmo.com\\\/wp-content\\\/uploads\\\/2024\\\/03\\\/bayz-101-danube-business-center-516x360.webp&quot;,&quot;https:\\\/\\\/diaimmo.com\\\/wp-content\\\/uploads\\\/2024\\\/03\\\/bayz-101-danube-residence-1-1-516x360.webp&quot;]\">\n\n    <div class=\"property-thumbnail-wrapper position-relative\">\n                <div class=\"image-thumbnail\">\r\n        <a class=\"property-image position-relative\" href=\"https:\/\/diaimmo.com\/en\/property\/bayz-101\/\">\r\n        \t<div class=\"image-wrapper\"><img fetchpriority=\"high\" decoding=\"async\" width=\"516\" height=\"360\" src=\"https:\/\/diaimmo.com\/wp-content\/uploads\/2024\/03\/bayz-101-danube-residence-1-516x360.webp\" class=\"attachment-justhome-property-grid size-justhome-property-grid\" alt=\"BAYZ 101\" \/><\/div>        <\/a>\r\n    <\/div>\r\n                                    <div class=\"top-label d-flex align-items-center\">\n                        <a class=\"status-property-label\" href=\"https:\/\/diaimmo.com\/en\/property-status\/acheter\/\" style=\"\">Buy<\/a>                                                    <span class=\"featured-property\">Featured<\/span>                                                                            <a class=\"label-property-label\" href=\"https:\/\/diaimmo.com\/en\/property-label\/deja-disponible\/\" style=\"\">D\u00e9ja disponible<\/a>                                                <div class=\"ms-auto action-item\">\n                            <a href=\"javascript:void(0)\" class=\"btn-add-property-favorite\" data-property_id=\"6034\" data-nonce=\"d7f71d4dca\"\n\t\t\t                data-toggle=\"tooltip\"\n                title=\"Add Favorite\"\n            >\n\t\t\t\t\t\t\t<i class=\"flaticon-heart\"><\/i>\n\t\t\t\t\t\t\t\t<\/a>                        <\/div>\n                    <\/div>\n                        <\/div>\n\n    <div class=\"property-information\">\n        <div class=\"d-flex\">\n\t\t    <h2 class=\"property-title\"><a href=\"https:\/\/diaimmo.com\/en\/property\/bayz-101\/\" rel=\"bookmark\">BAYZ 101<\/a><\/h2>            <div class=\"ms-auto\"><div class=\"property-price\"><span class=\"prefix-text additional-text\">\u00c0 partir de \u00a0<\/span><span class=\"price-text\">292\u00a0997<\/span><span class=\"suffix\">\u20ac<\/span><\/div><\/div>\n        <\/div>\n        <div class=\"property-location with-icon\"><i class=\"flaticon-location-pin\"><\/i> <a href=\"\/\/maps.google.com\/maps?q=BAYZ+101&#038;zoom=14&#038;size=512x512&#038;maptype=roadmap&#038;sensor=false\" target=\"_blank\">BAYZ 101<\/a><\/div>\n        \t<\/div>\n<\/article><!-- #post-## -->\n\n                                <\/div>\n                                                    <\/div>\n                                                        <\/div>\n            <\/div>\n            \t\t\t\t<\/div>\n\t\t\t\t<\/div>\n\t\t\t\t<div class=\"elementor-element elementor-element-2e38b18 elementor-widget elementor-widget-apus_element_property_archive_pagination\" data-id=\"2e38b18\" data-element_type=\"widget\" data-widget_type=\"apus_element_property_archive_pagination.default\">\n\t\t\t\t<div class=\"elementor-widget-container\">\n\t\t\t\t\t\t\t<div class=\"elements-properties-pagination-wrapper\">\n\t\t\t\t\t<\/div>\n\t\t\t\t\t\t<\/div>\n\t\t\t\t<\/div>\n\t\t\t\t<\/div>\n\t\t\t\t\t<\/div>\n\t\t\t\t<\/div>\n\t\t\t\t<\/div>\n\t\t<div class=\"elementor-element elementor-element-acd9fe1 e-con-full e-flex elementor-invisible e-con e-child\" data-id=\"acd9fe1\" data-element_type=\"container\" data-settings=\"{&quot;animation&quot;:&quot;slide-up&quot;}\">\n\t\t\t\t<div class=\"elementor-element elementor-element-8420202 sticky-top elementor-widget elementor-widget-apus_element_property_archive_maps\" data-id=\"8420202\" data-element_type=\"widget\" data-widget_type=\"apus_element_property_archive_maps.default\">\n\t\t\t\t<div class=\"elementor-widget-container\">\n\t\t\t\t\t\t\t<div class=\"property-maps\">\n\t\t\t                <span class=\"action-show-filters action-mobile-map d-inline-block d-dk-none\"><i class=\"flaticon-filter\"><\/i>Show Map<\/span>\n            \t\t\t<div id=\"properties-google-maps\" class=\"fix-map\"><\/div>\n\t\t<\/div>\n\t\t\t\t\t\t<\/div>\n\t\t\t\t<\/div>\n\t\t\t\t<\/div>\n\t\t\t\t\t<\/div>\n\t\t\t\t<\/div>\n\t\t\t\t<\/div>\t\t\t\t<\/div>\n\t\t\t\t<\/div>\n\t\t\t\t<\/div>\n\t\t\t\t<\/div>","protected":false},"excerpt":{"rendered":"<p>No property found.<\/p>","protected":false},"author":1,"featured_media":0,"parent":0,"menu_order":0,"comment_status":"closed","ping_status":"closed","template":"page-properties.php","meta":{"_joinchat":[],"footnotes":""},"class_list":["post-2269","page","type-page","status-publish","hentry"],"yoast_head":"<!-- This site is optimized with the Yoast SEO plugin v25.7 - https:\/\/yoast.com\/wordpress\/plugins\/seo\/ -->\n<title>Projet livr\u00e9 - DIA real estate<\/title>\n<meta name=\"description\" content=\"D\u00e9couvrez nos projets livr\u00e9s \u00e0 Duba\u00ef. Explorez les r\u00e9alisations de notre agence immobili\u00e8re pour garantir votre satisfaction.\" \/>\n<meta name=\"robots\" content=\"index, follow, max-snippet:-1, max-image-preview:large, max-video-preview:-1\" \/>\n<link rel=\"canonical\" href=\"https:\/\/diaimmo.com\/en\/projet-livre\/\" \/>\n<meta property=\"og:locale\" content=\"en_GB\" \/>\n<meta property=\"og:type\" content=\"article\" \/>\n<meta property=\"og:title\" content=\"Projet livr\u00e9 - DIA real estate\" \/>\n<meta property=\"og:description\" content=\"D\u00e9couvrez nos projets livr\u00e9s \u00e0 Duba\u00ef. Explorez les r\u00e9alisations de notre agence immobili\u00e8re pour garantir votre satisfaction.\" \/>\n<meta property=\"og:url\" content=\"https:\/\/diaimmo.com\/en\/projet-livre\/\" \/>\n<meta property=\"og:site_name\" content=\"DIA real estate\" \/>\n<meta property=\"article:modified_time\" content=\"2024-08-06T08:07:06+00:00\" \/>\n<meta name=\"twitter:card\" content=\"summary_large_image\" \/>\n<meta name=\"twitter:label1\" content=\"Estimated reading time\" \/>\n\t<meta name=\"twitter:data1\" content=\"1 minute\" \/>\n<script type=\"application\/ld+json\" class=\"yoast-schema-graph\">{\"@context\":\"https:\/\/schema.org\",\"@graph\":[{\"@type\":\"WebPage\",\"@id\":\"https:\/\/diaimmo.com\/projet-livre\/\",\"url\":\"https:\/\/diaimmo.com\/projet-livre\/\",\"name\":\"Projet livr\u00e9 - DIA real estate\",\"isPartOf\":{\"@id\":\"https:\/\/diaimmo.com\/#website\"},\"datePublished\":\"2024-02-26T07:16:59+00:00\",\"dateModified\":\"2024-08-06T08:07:06+00:00\",\"description\":\"D\u00e9couvrez nos projets livr\u00e9s \u00e0 Duba\u00ef. Explorez les r\u00e9alisations de notre agence immobili\u00e8re pour garantir votre satisfaction.\",\"breadcrumb\":{\"@id\":\"https:\/\/diaimmo.com\/projet-livre\/#breadcrumb\"},\"inLanguage\":\"en-GB\",\"potentialAction\":[{\"@type\":\"ReadAction\",\"target\":[\"https:\/\/diaimmo.com\/projet-livre\/\"]}]},{\"@type\":\"BreadcrumbList\",\"@id\":\"https:\/\/diaimmo.com\/projet-livre\/#breadcrumb\",\"itemListElement\":[{\"@type\":\"ListItem\",\"position\":1,\"name\":\"Accueil\",\"item\":\"https:\/\/diaimmo.com\/\"},{\"@type\":\"ListItem\",\"position\":2,\"name\":\"Projet livr\u00e9\"}]},{\"@type\":\"WebSite\",\"@id\":\"https:\/\/diaimmo.com\/#website\",\"url\":\"https:\/\/diaimmo.com\/\",\"name\":\"DIA real estate\",\"description\":\"Agence immobiliere francophone \u00e0 Dubai\",\"potentialAction\":[{\"@type\":\"SearchAction\",\"target\":{\"@type\":\"EntryPoint\",\"urlTemplate\":\"https:\/\/diaimmo.com\/?s={search_term_string}\"},\"query-input\":{\"@type\":\"PropertyValueSpecification\",\"valueRequired\":true,\"valueName\":\"search_term_string\"}}],\"inLanguage\":\"en-GB\"}]}<\/script>\n<!-- \/ Yoast SEO plugin. -->","yoast_head_json":{"title":"Projet livr\u00e9 - DIA real estate","description":"D\u00e9couvrez nos projets livr\u00e9s \u00e0 Duba\u00ef. Explorez les r\u00e9alisations de notre agence immobili\u00e8re pour garantir votre satisfaction.","robots":{"index":"index","follow":"follow","max-snippet":"max-snippet:-1","max-image-preview":"max-image-preview:large","max-video-preview":"max-video-preview:-1"},"canonical":"https:\/\/diaimmo.com\/en\/projet-livre\/","og_locale":"en_GB","og_type":"article","og_title":"Projet livr\u00e9 - DIA real estate","og_description":"D\u00e9couvrez nos projets livr\u00e9s \u00e0 Duba\u00ef. Explorez les r\u00e9alisations de notre agence immobili\u00e8re pour garantir votre satisfaction.","og_url":"https:\/\/diaimmo.com\/en\/projet-livre\/","og_site_name":"DIA real estate","article_modified_time":"2024-08-06T08:07:06+00:00","twitter_card":"summary_large_image","twitter_misc":{"Estimated reading time":"1 minute"},"schema":{"@context":"https:\/\/schema.org","@graph":[{"@type":"WebPage","@id":"https:\/\/diaimmo.com\/projet-livre\/","url":"https:\/\/diaimmo.com\/projet-livre\/","name":"Projet livr\u00e9 - DIA real estate","isPartOf":{"@id":"https:\/\/diaimmo.com\/#website"},"datePublished":"2024-02-26T07:16:59+00:00","dateModified":"2024-08-06T08:07:06+00:00","description":"D\u00e9couvrez nos projets livr\u00e9s \u00e0 Duba\u00ef. Explorez les r\u00e9alisations de notre agence immobili\u00e8re pour garantir votre satisfaction.","breadcrumb":{"@id":"https:\/\/diaimmo.com\/projet-livre\/#breadcrumb"},"inLanguage":"en-GB","potentialAction":[{"@type":"ReadAction","target":["https:\/\/diaimmo.com\/projet-livre\/"]}]},{"@type":"BreadcrumbList","@id":"https:\/\/diaimmo.com\/projet-livre\/#breadcrumb","itemListElement":[{"@type":"ListItem","position":1,"name":"Accueil","item":"https:\/\/diaimmo.com\/"},{"@type":"ListItem","position":2,"name":"Projet livr\u00e9"}]},{"@type":"WebSite","@id":"https:\/\/diaimmo.com\/#website","url":"https:\/\/diaimmo.com\/","name":"DIA real estate","description":"Agence immobiliere francophone \u00e0 Dubai","potentialAction":[{"@type":"SearchAction","target":{"@type":"EntryPoint","urlTemplate":"https:\/\/diaimmo.com\/?s={search_term_string}"},"query-input":{"@type":"PropertyValueSpecification","valueRequired":true,"valueName":"search_term_string"}}],"inLanguage":"en-GB"}]}},"jetpack_sharing_enabled":true,"_links":{"self":[{"href":"https:\/\/diaimmo.com\/en\/wp-json\/wp\/v2\/pages\/2269","targetHints":{"allow":["GET"]}}],"collection":[{"href":"https:\/\/diaimmo.com\/en\/wp-json\/wp\/v2\/pages"}],"about":[{"href":"https:\/\/diaimmo.com\/en\/wp-json\/wp\/v2\/types\/page"}],"author":[{"embeddable":true,"href":"https:\/\/diaimmo.com\/en\/wp-json\/wp\/v2\/users\/1"}],"replies":[{"embeddable":true,"href":"https:\/\/diaimmo.com\/en\/wp-json\/wp\/v2\/comments?post=2269"}],"version-history":[{"count":0,"href":"https:\/\/diaimmo.com\/en\/wp-json\/wp\/v2\/pages\/2269\/revisions"}],"wp:attachment":[{"href":"https:\/\/diaimmo.com\/en\/wp-json\/wp\/v2\/media?parent=2269"}],"curies":[{"name":"wp","href":"https:\/\/api.w.org\/{rel}","templated":true}]}}